

{"id":713,"date":"2024-06-08T16:16:55","date_gmt":"2024-06-08T16:16:55","guid":{"rendered":"https:\/\/pl.timotours.com\/?page_id=713"},"modified":"2026-04-24T20:13:52","modified_gmt":"2026-04-24T20:13:52","slug":"ausfluge-angebote","status":"publish","type":"page","link":"https:\/\/pl.timotours.com\/en\/ausfluge-angebote\/","title":{"rendered":"Reiseziele"},"content":{"rendered":"<div data-elementor-type=\"wp-page\" data-elementor-id=\"713\" class=\"elementor elementor-713\">\n\t\t\t\t\t\t<section class=\"elementor-section elementor-top-section elementor-element elementor-element-4e64861 elementor-section-height-min-height elementor-section-boxed elementor-section-height-default elementor-section-items-middle\" data-id=\"4e64861\" data-element_type=\"section\" data-e-type=\"section\" data-settings=\"{&quot;background_background&quot;:&quot;classic&quot;}\">\n\t\t\t\t\t\t\t<div class=\"elementor-background-overlay\"><\/div>\n\t\t\t\t\t\t\t<div class=\"elementor-container elementor-column-gap-no\">\n\t\t\t\t\t<div class=\"elementor-column elementor-col-100 elementor-top-column elementor-element elementor-element-3d3f2d5\" data-id=\"3d3f2d5\" data-element_type=\"column\" data-e-type=\"column\">\n\t\t\t<div class=\"elementor-widget-wrap elementor-element-populated\">\n\t\t\t\t\t\t<div class=\"elementor-element elementor-element-49c2e85 elementor-widget elementor-widget-heading\" data-id=\"49c2e85\" data-element_type=\"widget\" data-e-type=\"widget\" data-widget_type=\"heading.default\">\n\t\t\t\t<div class=\"elementor-widget-container\">\n\t\t\t\t\t<h2 class=\"elementor-heading-title elementor-size-default\">Reiseziele<\/h2>\t\t\t\t<\/div>\n\t\t\t\t<\/div>\n\t\t\t\t<div class=\"elementor-element elementor-element-0759460 elementor-widget elementor-widget-heading\" data-id=\"0759460\" data-element_type=\"widget\" data-e-type=\"widget\" data-widget_type=\"heading.default\">\n\t\t\t\t<div class=\"elementor-widget-container\">\n\t\t\t\t\t<h2 class=\"elementor-heading-title elementor-size-default\">timo tours Ausfl\u00fcge<\/h2>\t\t\t\t<\/div>\n\t\t\t\t<\/div>\n\t\t\t\t\t<\/div>\n\t\t<\/div>\n\t\t\t\t\t<\/div>\n\t\t<\/section>\n\t\t\t\t<section class=\"elementor-section elementor-top-section elementor-element elementor-element-dcc7008 elementor-section-boxed elementor-section-height-default elementor-section-height-default\" data-id=\"dcc7008\" data-element_type=\"section\" data-e-type=\"section\">\n\t\t\t\t\t\t<div class=\"elementor-container elementor-column-gap-default\">\n\t\t\t\t\t<div class=\"elementor-column elementor-col-100 elementor-top-column elementor-element elementor-element-6686e39\" data-id=\"6686e39\" data-element_type=\"column\" data-e-type=\"column\">\n\t\t\t<div class=\"elementor-widget-wrap elementor-element-populated\">\n\t\t\t\t\t\t<div class=\"elementor-element elementor-element-c4277ef elementor-widget elementor-widget-heading\" data-id=\"c4277ef\" data-element_type=\"widget\" data-e-type=\"widget\" data-widget_type=\"heading.default\">\n\t\t\t\t<div class=\"elementor-widget-container\">\n\t\t\t\t\t<h2 class=\"elementor-heading-title elementor-size-default\">Reiseziele<\/h2>\t\t\t\t<\/div>\n\t\t\t\t<\/div>\n\t\t\t\t<div class=\"elementor-element elementor-element-6a2585f elementor-widget elementor-widget-text-editor\" data-id=\"6a2585f\" data-element_type=\"widget\" data-e-type=\"widget\" data-widget_type=\"text-editor.default\">\n\t\t\t\t<div class=\"elementor-widget-container\">\n\t\t\t\t\t\t\t\t\t<p data-start=\"40\" data-end=\"462\">\u00c4gypten ist ein Land voller Kontraste und unvergesslicher Eindr\u00fccke \u2013 von traumhaften Str\u00e4nden bis hin zu jahrtausendealter Geschichte. Auf dieser Seite finden Sie die sch\u00f6nsten Reiseziele in <span class=\"hover:entity-accent entity-underline inline cursor-pointer align-baseline\"><span class=\"whitespace-normal\">Egypt<\/span><\/span>, die jeden Urlaub zu etwas ganz Besonderem machen. Ob Sie Entspannung am Meer suchen, spannende Abenteuer erleben oder in die faszinierende Kultur eintauchen m\u00f6chten \u2013 hier beginnt Ihre Reise.<\/p><p data-start=\"464\" data-end=\"804\">Die beliebte Urlaubsregion <span class=\"hover:entity-accent entity-underline inline cursor-pointer align-baseline\"><span class=\"whitespace-normal\">Hurghada<\/span><\/span> begeistert mit kristallklarem Wasser, farbenfrohen Korallenriffen und einer gro\u00dfen Auswahl an Ausfl\u00fcgen und Aktivit\u00e4ten. F\u00fcr Naturliebhaber und Ruhesuchende ist <span class=\"hover:entity-accent entity-underline inline cursor-pointer align-baseline\"><span class=\"whitespace-normal\">Marsa Alam<\/span><\/span> ein echtes Paradies mit unber\u00fchrten Str\u00e4nden und einzigartigen Tauchpl\u00e4tzen.<\/p><p data-start=\"806\" data-end=\"1141\">Wer Geschichte hautnah erleben m\u00f6chte, sollte die beeindruckenden Tempel und Monumente in <span class=\"hover:entity-accent entity-underline inline cursor-pointer align-baseline\"><span class=\"whitespace-normal\">Luxor<\/span><\/span> entdecken \u2013 oft als das gr\u00f6\u00dfte Freilichtmuseum der Welt bezeichnet. In <span class=\"hover:entity-accent entity-underline inline cursor-pointer align-baseline\"><span class=\"whitespace-normal\">Cairo<\/span><\/span> erwarten Sie die weltber\u00fchmten Pyramiden, das \u00c4gyptische Museum und das lebendige Herz des Landes.<\/p><p data-start=\"1143\" data-end=\"1424\" data-is-last-node=\"\" data-is-only-node=\"\">Unsere Reiseziele bieten f\u00fcr jeden Geschmack das passende Erlebnis \u2013 von entspannten Strandtagen bis hin zu kulturellen Highlights und Abenteuern in der W\u00fcste. Lassen Sie sich inspirieren und entdecken Sie mit uns die Vielfalt \u00c4gyptens \u2013 authentisch, komfortabel und unvergesslich.<\/p>\t\t\t\t\t\t\t\t<\/div>\n\t\t\t\t<\/div>\n\t\t\t\t\t<\/div>\n\t\t<\/div>\n\t\t\t\t\t<\/div>\n\t\t<\/section>\n\t\t\t\t<section class=\"elementor-section elementor-top-section elementor-element elementor-element-296968a elementor-section-boxed elementor-section-height-default elementor-section-height-default\" data-id=\"296968a\" data-element_type=\"section\" data-e-type=\"section\">\n\t\t\t\t\t\t<div class=\"elementor-container elementor-column-gap-default\">\n\t\t\t\t\t<div class=\"elementor-column elementor-col-50 elementor-top-column elementor-element elementor-element-d29d43a\" data-id=\"d29d43a\" data-element_type=\"column\" data-e-type=\"column\">\n\t\t\t<div class=\"elementor-widget-wrap elementor-element-populated\">\n\t\t\t\t\t\t<div class=\"elementor-element elementor-element-d151d25 elementor-widget elementor-widget-ba_banner\" data-id=\"d151d25\" data-element_type=\"widget\" data-e-type=\"widget\" data-widget_type=\"ba_banner.default\">\n\t\t\t\t<div class=\"elementor-widget-container\">\n\t\t\t\t\t<div class=\"gva-element-ba_banner gva-element\">\r\n<div class=\"lt-banner-one__single text-left\"><div class=\"lt-banner-one__wrap\"><span class=\"lt-banner-one__count\">44 Ausfl\u00fcge<\/span><div class=\"lt-banner-one__image\"><img decoding=\"async\" src=\"https:\/\/pl.timotours.com\/wp-content\/uploads\/2024\/06\/Hurghada-Desert-Safari-Trips-Tours-From-Hurghada.jpg\" alt=\"Hurghada\" \/><\/div><div class=\"lt-banner-one__content\"><div class=\"lt-banner-one__subtitle\">Ausfl\u00fcge<\/div><h3 class=\"lt-banner-one__title\">Hurghada<\/h3><\/div><a class=\"lt-banner-one__link\"  href=\"https:\/\/pl.timotours.com\/en\/ba_location\/hurghada\/\"><\/a><\/div><\/div>\r\n\r\n<\/div>\t\t\t\t<\/div>\n\t\t\t\t<\/div>\n\t\t\t\t\t<\/div>\n\t\t<\/div>\n\t\t\t\t<div class=\"elementor-column elementor-col-50 elementor-top-column elementor-element elementor-element-8805af1\" data-id=\"8805af1\" data-element_type=\"column\" data-e-type=\"column\">\n\t\t\t<div class=\"elementor-widget-wrap elementor-element-populated\">\n\t\t\t\t\t\t<div class=\"elementor-element elementor-element-d831827 elementor-widget elementor-widget-ba_banner\" data-id=\"d831827\" data-element_type=\"widget\" data-e-type=\"widget\" data-widget_type=\"ba_banner.default\">\n\t\t\t\t<div class=\"elementor-widget-container\">\n\t\t\t\t\t<div class=\"gva-element-ba_banner gva-element\">\r\n<div class=\"lt-banner-one__single text-left\"><div class=\"lt-banner-one__wrap\"><span class=\"lt-banner-one__count\">13 Ausfl\u00fcge<\/span><div class=\"lt-banner-one__image\"><img decoding=\"async\" src=\"https:\/\/pl.timotours.com\/wp-content\/uploads\/2024\/09\/pexels-iurii-laimin-78973777-8796434-scaled.jpg\" alt=\"Marsa Alam\" \/><\/div><div class=\"lt-banner-one__content\"><div class=\"lt-banner-one__subtitle\">Ausfl\u00fcge<\/div><h3 class=\"lt-banner-one__title\">Marsa Alam<\/h3><\/div><a class=\"lt-banner-one__link\"  href=\"https:\/\/pl.timotours.com\/en\/ba_location\/marsa-alam\/\"><\/a><\/div><\/div>\r\n\r\n<\/div>\t\t\t\t<\/div>\n\t\t\t\t<\/div>\n\t\t\t\t\t<\/div>\n\t\t<\/div>\n\t\t\t\t\t<\/div>\n\t\t<\/section>\n\t\t\t\t<section class=\"elementor-section elementor-top-section elementor-element elementor-element-dd1d53f elementor-section-boxed elementor-section-height-default elementor-section-height-default\" data-id=\"dd1d53f\" data-element_type=\"section\" data-e-type=\"section\">\n\t\t\t\t\t\t<div class=\"elementor-container elementor-column-gap-default\">\n\t\t\t\t\t<div class=\"elementor-column elementor-col-33 elementor-top-column elementor-element elementor-element-47a0e5f\" data-id=\"47a0e5f\" data-element_type=\"column\" data-e-type=\"column\">\n\t\t\t<div class=\"elementor-widget-wrap elementor-element-populated\">\n\t\t\t\t\t\t<div class=\"elementor-element elementor-element-528c1ad elementor-widget elementor-widget-ba_banner\" data-id=\"528c1ad\" data-element_type=\"widget\" data-e-type=\"widget\" data-widget_type=\"ba_banner.default\">\n\t\t\t\t<div class=\"elementor-widget-container\">\n\t\t\t\t\t<div class=\"gva-element-ba_banner gva-element\">\r\n<div class=\"lt-banner-one__single text-left\"><div class=\"lt-banner-one__wrap\"><span class=\"lt-banner-one__count\">44 Ausfl\u00fcge<\/span><div class=\"lt-banner-one__image\"><img decoding=\"async\" src=\"https:\/\/pl.timotours.com\/wp-content\/uploads\/2024\/06\/DeWatermark.ai_1751476849637.jpeg\" alt=\"El Gouna\" \/><\/div><div class=\"lt-banner-one__content\"><div class=\"lt-banner-one__subtitle\">Ausfl\u00fcge<\/div><h3 class=\"lt-banner-one__title\">El Gouna<\/h3><\/div><a class=\"lt-banner-one__link\"  href=\"https:\/\/pl.timotours.com\/en\/ba_location\/el-gouna\/\"><\/a><\/div><\/div>\r\n\r\n<\/div>\t\t\t\t<\/div>\n\t\t\t\t<\/div>\n\t\t\t\t\t<\/div>\n\t\t<\/div>\n\t\t\t\t<div class=\"elementor-column elementor-col-33 elementor-top-column elementor-element elementor-element-8d65c70\" data-id=\"8d65c70\" data-element_type=\"column\" data-e-type=\"column\">\n\t\t\t<div class=\"elementor-widget-wrap elementor-element-populated\">\n\t\t\t\t\t\t<div class=\"elementor-element elementor-element-ad38475 elementor-widget elementor-widget-ba_banner\" data-id=\"ad38475\" data-element_type=\"widget\" data-e-type=\"widget\" data-widget_type=\"ba_banner.default\">\n\t\t\t\t<div class=\"elementor-widget-container\">\n\t\t\t\t\t<div class=\"gva-element-ba_banner gva-element\">\r\n<div class=\"lt-banner-one__single text-left\"><div class=\"lt-banner-one__wrap\"><span class=\"lt-banner-one__count\">44 Ausfl\u00fcge<\/span><div class=\"lt-banner-one__image\"><img decoding=\"async\" src=\"https:\/\/pl.timotours.com\/wp-content\/uploads\/2024\/06\/vertical-shot-male-swimming-underwater-with-sky-background-scaled.jpg\" alt=\"Sahl Hasheesh\" \/><\/div><div class=\"lt-banner-one__content\"><div class=\"lt-banner-one__subtitle\">Ausfl\u00fcge<\/div><h3 class=\"lt-banner-one__title\">Sahl Hasheesh<\/h3><\/div><a class=\"lt-banner-one__link\"  href=\"https:\/\/pl.timotours.com\/en\/ba_location\/sahl-hasheesh\/\"><\/a><\/div><\/div>\r\n\r\n<\/div>\t\t\t\t<\/div>\n\t\t\t\t<\/div>\n\t\t\t\t\t<\/div>\n\t\t<\/div>\n\t\t\t\t<div class=\"elementor-column elementor-col-33 elementor-top-column elementor-element elementor-element-5d89cc7\" data-id=\"5d89cc7\" data-element_type=\"column\" data-e-type=\"column\">\n\t\t\t<div class=\"elementor-widget-wrap elementor-element-populated\">\n\t\t\t\t\t\t<div class=\"elementor-element elementor-element-18e020b elementor-widget elementor-widget-ba_banner\" data-id=\"18e020b\" data-element_type=\"widget\" data-e-type=\"widget\" data-widget_type=\"ba_banner.default\">\n\t\t\t\t<div class=\"elementor-widget-container\">\n\t\t\t\t\t<div class=\"gva-element-ba_banner gva-element\">\r\n<div class=\"lt-banner-one__single text-left\"><div class=\"lt-banner-one__wrap\"><span class=\"lt-banner-one__count\">44 Ausfl\u00fcge<\/span><div class=\"lt-banner-one__image\"><img decoding=\"async\" src=\"https:\/\/pl.timotours.com\/wp-content\/uploads\/2024\/09\/sataya-dolphin-house.jpg\" alt=\"Makadi Bay\" \/><\/div><div class=\"lt-banner-one__content\"><div class=\"lt-banner-one__subtitle\">Ausfl\u00fcge<\/div><h3 class=\"lt-banner-one__title\">Makadi Bay<\/h3><\/div><a class=\"lt-banner-one__link\"  href=\"https:\/\/pl.timotours.com\/en\/ba_location\/makadi-bay\/\"><\/a><\/div><\/div>\r\n\r\n<\/div>\t\t\t\t<\/div>\n\t\t\t\t<\/div>\n\t\t\t\t\t<\/div>\n\t\t<\/div>\n\t\t\t\t\t<\/div>\n\t\t<\/section>\n\t\t\t\t<\/div>","protected":false},"excerpt":{"rendered":"<p>Reiseziele timo tours Ausfl\u00fcge Reiseziele \u00c4gypten ist ein Land voller Kontraste und unvergesslicher Eindr\u00fccke \u2013 von traumhaften Str\u00e4nden bis hin zu jahrtausendealter Geschichte. Auf dieser Seite finden Sie die sch\u00f6nsten Reiseziele in Egypt, die jeden Urlaub zu etwas ganz Besonderem machen. Ob Sie Entspannung am Meer suchen, spannende Abenteuer erleben oder in die faszinierende Kultur [&hellip;]<\/p>\n","protected":false},"author":3,"featured_media":0,"parent":0,"menu_order":0,"comment_status":"closed","ping_status":"closed","template":"elementor_header_footer","meta":{"footnotes":""},"class_list":["post-713","page","type-page","status-publish","hentry"],"_links":{"self":[{"href":"https:\/\/pl.timotours.com\/en\/wp-json\/wp\/v2\/pages\/713","targetHints":{"allow":["GET"]}}],"collection":[{"href":"https:\/\/pl.timotours.com\/en\/wp-json\/wp\/v2\/pages"}],"about":[{"href":"https:\/\/pl.timotours.com\/en\/wp-json\/wp\/v2\/types\/page"}],"author":[{"embeddable":true,"href":"https:\/\/pl.timotours.com\/en\/wp-json\/wp\/v2\/users\/3"}],"replies":[{"embeddable":true,"href":"https:\/\/pl.timotours.com\/en\/wp-json\/wp\/v2\/comments?post=713"}],"version-history":[{"count":3,"href":"https:\/\/pl.timotours.com\/en\/wp-json\/wp\/v2\/pages\/713\/revisions"}],"predecessor-version":[{"id":4504,"href":"https:\/\/pl.timotours.com\/en\/wp-json\/wp\/v2\/pages\/713\/revisions\/4504"}],"wp:attachment":[{"href":"https:\/\/pl.timotours.com\/en\/wp-json\/wp\/v2\/media?parent=713"}],"curies":[{"name":"wp","href":"https:\/\/api.w.org\/{rel}","templated":true}]}}